{"id":92,"date":"2024-10-17T17:23:04","date_gmt":"2024-10-17T17:23:04","guid":{"rendered":"https:\/\/andi.gur.dk\/?post_type=product&#038;p=92"},"modified":"2024-10-17T17:23:04","modified_gmt":"2024-10-17T17:23:04","slug":"lego-tape","status":"publish","type":"product","link":"https:\/\/andi.gur.dk\/index.php\/vare\/lego-tape\/","title":{"rendered":"LEGO-tape"},"content":{"rendered":"<p>Tape som kan s\u00e6ttes p\u00e5 v\u00e6ggen og s\u00e5 kan man s\u00e6tte lego fast p\u00e5 det.<\/p>\n<p>2 meter<\/p>\n","protected":false},"excerpt":{"rendered":"<p>Tape som kan s\u00e6ttes p\u00e5 v\u00e6ggen og s\u00e5 kan man s\u00e6tte lego fast p\u00e5 det. 2 meter<\/p>\n","protected":false},"featured_media":93,"comment_status":"open","ping_status":"closed","template":"","meta":[],"product_cat":[15],"product_tag":[],"class_list":{"0":"post-92","1":"product","2":"type-product","3":"status-publish","4":"has-post-thumbnail","6":"product_cat-ukategoriseret","8":"first","9":"instock","10":"shipping-taxable","11":"purchasable","12":"product-type-simple"},"_links":{"self":[{"href":"https:\/\/andi.gur.dk\/index.php\/wp-json\/wp\/v2\/product\/92","targetHints":{"allow":["GET"]}}],"collection":[{"href":"https:\/\/andi.gur.dk\/index.php\/wp-json\/wp\/v2\/product"}],"about":[{"href":"https:\/\/andi.gur.dk\/index.php\/wp-json\/wp\/v2\/types\/product"}],"replies":[{"embeddable":true,"href":"https:\/\/andi.gur.dk\/index.php\/wp-json\/wp\/v2\/comments?post=92"}],"wp:featuredmedia":[{"embeddable":true,"href":"https:\/\/andi.gur.dk\/index.php\/wp-json\/wp\/v2\/media\/93"}],"wp:attachment":[{"href":"https:\/\/andi.gur.dk\/index.php\/wp-json\/wp\/v2\/media?parent=92"}],"wp:term":[{"taxonomy":"product_cat","embeddable":true,"href":"https:\/\/andi.gur.dk\/index.php\/wp-json\/wp\/v2\/product_cat?post=92"},{"taxonomy":"product_tag","embeddable":true,"href":"https:\/\/andi.gur.dk\/index.php\/wp-json\/wp\/v2\/product_tag?post=92"}],"curies":[{"name":"wp","href":"https:\/\/api.w.org\/{rel}","templated":true}]}}